{"id":173,"date":"2015-01-03T01:08:07","date_gmt":"2015-01-02T23:08:07","guid":{"rendered":"http:\/\/memobistro.de\/?page_id=173"},"modified":"2020-07-25T16:23:47","modified_gmt":"2020-07-25T14:23:47","slug":"tee","status":"publish","type":"page","link":"http:\/\/memobistro.de\/?page_id=173","title":{"rendered":"Tee"},"content":{"rendered":"<table width=\"569\">\n<tbody>\n<tr>\n<td width=\"434\">\n<h5><strong>Pure Green<\/strong><\/h5>\n<p>Einst galt er als Kostbarkeit, die Kaisern und M\u00f6nchen vorbehalten war.<br \/>\nDie leichtherbe Note weist auf viele gesunde Inhaltsstoffe hin<\/td>\n<td width=\"135\">2,50 \u20ac<\/td>\n<\/tr>\n<tr>\n<td width=\"434\">\n<h5><strong>Ceylon Tee<\/strong><\/h5>\n<p>Diese traditionell englische Teemischung verw\u00f6hnt Sie mit herb frischer Note und leichtem Anklang von Malz<\/td>\n<td width=\"135\">2,50 \u20ac<\/td>\n<\/tr>\n<tr>\n<td width=\"434\">\n<h5><strong>Earl Grey Supreme<\/strong><\/h5>\n<p>Eine zarte Blattmischung wird benetzt mit dem pikantem Aroma \u00d6l feinster Bergamottfr\u00fcchte<\/td>\n<td width=\"135\">2,50 \u20ac<\/td>\n<\/tr>\n<tr>\n<td width=\"434\">\n<h5><strong>Red Spring<\/strong><\/h5>\n<p>Ein Fr\u00fcchtetee der mit Aromen von Waldfr\u00fcchten verw\u00f6hnt<\/td>\n<td width=\"135\">2,50 \u20ac<\/td>\n<\/tr>\n<tr>\n<td width=\"434\">\n<h5><strong>Lemon Verbana<\/strong><\/h5>\n<p>Als S\u00fcdamerikanische Schwester des heimischen Eisenkrautes eignet sich Zitronenverbene als wohltuend erfrischender Tee vor allem an den hei\u00dfen Tagen<\/td>\n<td width=\"135\">2,50 \u20ac<\/td>\n<\/tr>\n<tr>\n<td width=\"434\">\n<h5>Chamomile Mix (Kr\u00e4utertee mit Roibusch)<\/h5>\n<p>Eine ausgesuchte Mischung aus gr\u00fcnem Rotbusch, Kamille, Fenchel, Melisse, etwas Zitronengras und Kornblumenbl\u00e4ttern verw\u00f6hnt Gaumen und K\u00f6rper<\/td>\n<td width=\"135\">2,50 \u20ac<\/td>\n<\/tr>\n<tr>\n<td width=\"434\">\n<h5>Memo\u00b4s Tee<\/h5>\n<p>Glas ausgew\u00e4hlter Schwarztee, angereichert mit frischem Salbei oder frischer Pfefferminze<\/td>\n<td width=\"135\">2,90\u00a0\u20ac<\/td>\n<\/tr>\n<\/tbody>\n<\/table>\n","protected":false},"excerpt":{"rendered":"<p>Pure Green Einst galt er als Kostbarkeit, die Kaisern und M\u00f6nchen vorbehalten war. Die leichtherbe Note weist auf viele gesunde Inhaltsstoffe hin 2,50 \u20ac Ceylon Tee Diese traditionell englische Teemischung verw\u00f6hnt Sie mit herb frischer Note und leichtem Anklang von Malz 2,50 \u20ac Earl Grey Supreme Eine zarte Blattmischung wird benetzt mit dem pikantem Aroma [&hellip;]<\/p>\n","protected":false},"author":1,"featured_media":0,"parent":0,"menu_order":0,"comment_status":"closed","ping_status":"closed","template":"","meta":[],"_links":{"self":[{"href":"http:\/\/memobistro.de\/index.php?rest_route=\/wp\/v2\/pages\/173"}],"collection":[{"href":"http:\/\/memobistro.de\/index.php?rest_route=\/wp\/v2\/pages"}],"about":[{"href":"http:\/\/memobistro.de\/index.php?rest_route=\/wp\/v2\/types\/page"}],"author":[{"embeddable":true,"href":"http:\/\/memobistro.de\/index.php?rest_route=\/wp\/v2\/users\/1"}],"replies":[{"embeddable":true,"href":"http:\/\/memobistro.de\/index.php?rest_route=%2Fwp%2Fv2%2Fcomments&post=173"}],"version-history":[{"count":4,"href":"http:\/\/memobistro.de\/index.php?rest_route=\/wp\/v2\/pages\/173\/revisions"}],"predecessor-version":[{"id":1093,"href":"http:\/\/memobistro.de\/index.php?rest_route=\/wp\/v2\/pages\/173\/revisions\/1093"}],"wp:attachment":[{"href":"http:\/\/memobistro.de\/index.php?rest_route=%2Fwp%2Fv2%2Fmedia&parent=173"}],"curies":[{"name":"wp","href":"https:\/\/api.w.org\/{rel}","templated":true}]}}